{"id":705,"date":"2015-07-06T08:52:26","date_gmt":"2015-07-06T08:52:26","guid":{"rendered":"http:\/\/demo.ovathemes.com\/appon\/?page_id=705"},"modified":"2025-09-15T09:52:36","modified_gmt":"2025-09-15T07:52:36","slug":"home-sticky-menu-style-1-image-slider","status":"publish","type":"page","link":"https:\/\/www.energijaplus.si\/spoznajte-netmet-model\/","title":{"rendered":"Domov"},"content":{"rendered":"<div class=\"wpb-content-wrapper\"><p>[vc_row el_id=&#8221;prednosti&#8221;][vc_column width=&#8221;1\/2&#8243;][vc_single_image image=&#8221;1437&#8243; img_size=&#8221;full&#8221; css=&#8221;&#8221;][\/vc_column][vc_column width=&#8221;1\/2&#8243;][vc_wp_text]<\/p>\n<h2>Zakaj izbrati NET-MET?<\/h2>\n<ul>\n<li>Do 70% prihranka pri elektriki v \u017eivljenjski dobi elektrarne<\/li>\n<li>Letni obra\u010dun porabljene in proizvedene energije<\/li>\n<li>Napreden baterijski hranilnik + pametno upravljanje<\/li>\n<li>Storite na klju\u010d, brez skrbi<\/li>\n<li>Nadzor, servis in optimizacija s strani Energije plus<\/li>\n<\/ul>\n<p>[\/vc_wp_text][vc_btn title=&#8221;STORITEV NA KLJU\u010c&#8221; style=&#8221;custom&#8221; custom_background=&#8221;#d20a10&#8243; custom_text=&#8221;#ffffff&#8221; css=&#8221;&#8221; link=&#8221;url:%23uporaba&#8221;][\/vc_column][\/vc_row][vc_row el_class=&#8221;arrow&#8221;][vc_column el_class=&#8221;arrow&#8221;] <section class=\"arrows-section\"><a href=\"#uporaba\"  class=\"scrollto\">\n                                <i class=\"fa fa-angle-down\"><\/i>\n                            <\/a><a href=\"#prednosti\"  class=\"scrollto\">\n                                <i class=\"fa fa-angle-up\"><\/i>\n                            <\/a><\/section>[\/vc_column][\/vc_row][vc_row el_id=&#8221;uporaba&#8221; ova_bg_pattern=&#8221;#f1efed&#8221; css=&#8221;.vc_custom_1751031058717{margin-top: -20px !important;padding-top: 100px !important;padding-bottom: 30px !important;}&#8221;][vc_column css=&#8221;.vc_custom_1716874306586{padding-bottom: 50px !important;}&#8221;][vc_column_text css=&#8221;&#8221;]<\/p>\n<h1 style=\"text-align: center; font-size: 60px;\"><span style=\"font-family: ProximaNova-Black;\">Kako deluje<\/span> <span style=\"font-family: ProximaNova-Light;\">NET-MET model?<\/span><\/h1>\n<p>[\/vc_column_text][\/vc_column][\/vc_row][vc_row equal_height=&#8221;yes&#8221; css=&#8221;.vc_custom_1751031111487{padding-bottom: 100px !important;}&#8221; el_id=&#8221;uporaba-content&#8221;][vc_column width=&#8221;1\/3&#8243; css=&#8221;.vc_custom_1751031755223{padding-right: 15px !important;padding-left: 15px !important;background-color: #ffffff !important;}&#8221;][vc_single_image image=&#8221;1493&#8243; img_size=&#8221;full&#8221; css=&#8221;.vc_custom_1751031869723{padding-left: 60px !important;}&#8221;][vc_column_text css=&#8221;.vc_custom_1751031881597{padding-right: 60px !important;padding-left: 60px !important;}&#8221;]<\/p>\n<h3 style=\"font-family: ProximaNova-Bold !important;\">Son\u010dna elektrarna<\/h3>\n<p>Proizvede elektri\u010dno energijo za va\u0161 dom.[\/vc_column_text][\/vc_column][vc_column width=&#8221;1\/3&#8243; css=&#8221;.vc_custom_1751031456463{padding-right: 15px !important;padding-left: 15px !important;background-color: #d71920 !important;}&#8221;][vc_single_image image=&#8221;1498&#8243; img_size=&#8221;full&#8221; css=&#8221;.vc_custom_1751031889299{padding-left: 60px !important;}&#8221;][vc_column_text css=&#8221;.vc_custom_1751031899406{padding-right: 60px !important;padding-left: 60px !important;}&#8221;]<\/p>\n<h3 style=\"font-family: ProximaNova-Bold !important; color: white;\">Baterijski hranilnik<\/h3>\n<p style=\"color: white;\">Shrani vi\u0161ek elektri\u010dne energije za kasneje.<\/p>\n<p>[\/vc_column_text][\/vc_column][vc_column width=&#8221;1\/3&#8243; css=&#8221;.vc_custom_1751031466727{padding-right: 15px !important;padding-left: 15px !important;background-color: #ffffff !important;}&#8221;][vc_single_image image=&#8221;1495&#8243; img_size=&#8221;full&#8221; css=&#8221;.vc_custom_1751031914910{padding-left: 60px !important;}&#8221;][vc_column_text css=&#8221;.vc_custom_1751031928678{padding-right: 60px !important;padding-left: 60px !important;}&#8221;]<\/p>\n<h3 style=\"font-family: ProximaNova-Bold !important;\">Pametno upravljanje<\/h3>\n<p>Optimizira porabo in vra\u010da prese\u017eek.[\/vc_column_text][\/vc_column][\/vc_row][vc_row el_class=&#8221;arrow&#8221; css=&#8221;.vc_custom_1750977976099{margin-top: -20px !important;}&#8221;][vc_column el_class=&#8221;arrow&#8221;] <section class=\"arrows-section\"><a href=\"#faqs\"  class=\"scrollto\">\n                                <i class=\"fa fa-angle-down\"><\/i>\n                            <\/a><a href=\"#uporaba\"  class=\"scrollto\">\n                                <i class=\"fa fa-angle-up\"><\/i>\n                            <\/a><\/section>[\/vc_column][\/vc_row][vc_row css=&#8221;.vc_custom_1750982851285{padding-top: 50px !important;padding-bottom: 50px !important;}&#8221; el_id=&#8221;faqs&#8221;][vc_column][vc_column_text css=&#8221;&#8221;]<\/p>\n<h1 style=\"text-align: center; font-size: 60px;\"><span style=\"font-family: ProximaNova-Black;\">Zaupajo nam \u0161tevilni<br \/>\ndomovi<\/span> <span style=\"font-family: ProximaNova-Light;\"> po Sloveniji<\/span><\/h1>\n<p>[\/vc_column_text]<div class=\"owl-clients\" data-pagination=\"true\" data-autoplay=\"3000\" data-carousel_columns = \"1\" >\n                       <div class=\"client-item\">\n                        <div class=\"client-content\"><div class=\"client-quote\">\n                                            <p>\u00bbKo smo postavili son\u010dno elektrarno smo iskali re\u0161itev, ki bi nam omogo\u010dila \u010dim ve\u010dji prihranek brez zapletenih obra\u010dunov. NET MET model je bil idealen \u2013 enostaven letni obra\u010dun in res ob\u010dutno ni\u017eji stro\u0161ki elektrike. Po enem letu smo prihranili skoraj 65\u202f%.\u00ab<\/p>\n                                        <\/div><div class=\"cient-name\">\n                                            Mateja, gospodinjstvo s son\u010dno elektrarno\n                                        <\/div><\/div><\/div><div class=\"client-item\">\n                        <div class=\"client-content\"><div class=\"client-quote\">\n                                            <p>\u00bbNET MET obra\u010dun nam je omogo\u010dil, da izkoristimo svojo energijo maksimalno. Poleti pridelamo vi\u0161ke, pozimi jih porabimo. Stro\u0161ki so se zni\u017eali in investicija se bo popla\u010dala hitreje, kot smo pri\u010dakovali. Zelo zadovoljna sva z izbiro Energije plus.\u00ab<\/p>\n                                        <\/div><div class=\"cient-name\">\n                                            Luka in Petra, mlada dru\u017eina\n                                        <\/div><\/div><\/div><div class=\"client-item\">\n                        <div class=\"client-content\"><div class=\"client-quote\">\n                                            <p>\u00bbImam ve\u010dje potrebe po elektriki, a z NET MET modelom zdaj stro\u0161ke la\u017eje obvladujem. Sistem je pregleden, obra\u010dun jasen, in kar je najpomembneje \u2013 mese\u010dni zneski so bistveno ni\u017eji. Letno ocenjujem prihranek okoli 70\u202f%, kot so tudi obljubljali.\u00ab<\/p>\n                                        <\/div><div class=\"cient-name\">\n                                            Andrej, lastnik manj\u0161e kmetije\n                                        <\/div><\/div><\/div>\n                <\/div>\n                [vc_btn title=&#8221;STORITEV NA KLJU\u010c&#8221; style=&#8221;custom&#8221; custom_background=&#8221;#d20a10&#8243; custom_text=&#8221;#ffffff&#8221; align=&#8221;center&#8221; css=&#8221;.vc_custom_1751032277308{margin-top: 20px !important;}&#8221; link=&#8221;url:%23uporaba&#8221; el_class=&#8221;scrollto&#8221;][\/vc_column][\/vc_row][vc_row el_class=&#8221;arrow&#8221; css=&#8221;.vc_custom_1751030770880{margin-bottom: -20px !important;}&#8221;][vc_column el_class=&#8221;arrow&#8221;] <section class=\"arrows-section\"><a href=\"#portfolio-section\"  class=\"scrollto\">\n                                <i class=\"fa fa-angle-down\"><\/i>\n                            <\/a><a href=\"#faqs\"  class=\"scrollto\">\n                                <i class=\"fa fa-angle-up\"><\/i>\n                            <\/a><\/section>[\/vc_column][\/vc_row][vc_row css=&#8221;.vc_custom_1750979540962{padding-top: 100px !important;padding-bottom: 60px !important;background-image: url(https:\/\/www.energijaplus.si\/spoznajte-netmet-model\/wp-content\/uploads\/2025\/06\/slika2-1.jpeg?id=1468) !important;}&#8221; el_id=&#8221;portfolio-section&#8221;][vc_column][vc_column_text css=&#8221;&#8221;]<\/p>\n<h1 style=\"text-align: center; font-size: 60px; color: #ffffff;\"><span style=\"font-family: ProximaNova-Black;\">\u017delite ve\u010d informacij o tem, ali je<br \/>\nNET-MET model<\/span><span style=\"font-family: ProximaNova-Light;\"> primeren za va\u0161 dom?<\/span><\/h1>\n<p>[\/vc_column_text][vc_row_inner equal_height=&#8221;yes&#8221; content_placement=&#8221;middle&#8221;][vc_column_inner width=&#8221;1\/4&#8243; offset=&#8221;vc_hidden-xs&#8221;][\/vc_column_inner][vc_column_inner width=&#8221;1\/2&#8243;][vc_btn title=&#8221;\u017dELIM IZVEDETI VE\u010c&#8221; style=&#8221;custom&#8221; custom_background=&#8221;#d20a10&#8243; custom_text=&#8221;#ffffff&#8221; align=&#8221;center&#8221; css=&#8221;.vc_custom_1751293089813{margin-right: 40px !important;margin-left: 40px !important;}&#8221; link=&#8221;url:%23kontakt&#8221; el_class=&#8221;down-button scrollto&#8221;][\/vc_column_inner][vc_column_inner width=&#8221;1\/4&#8243;][\/vc_column_inner][\/vc_row_inner][\/vc_column][\/vc_row][vc_row el_class=&#8221;arrow&#8221; css=&#8221;.vc_custom_1750977976099{margin-top: -20px !important;}&#8221;][vc_column el_class=&#8221;arrow&#8221;] <section class=\"arrows-section\"><a href=\"#kontakt\"  class=\"scrollto\">\n                                <i class=\"fa fa-angle-down\"><\/i>\n                            <\/a><a href=\"#portfolio-section\"  class=\"scrollto\">\n                                <i class=\"fa fa-angle-up\"><\/i>\n                            <\/a><\/section>[\/vc_column][\/vc_row][vc_row css=&#8221;.vc_custom_1750982948605{padding-top: 60px !important;background-color: #ffffff !important;}&#8221; el_id=&#8221;kontakt&#8221; el_class=&#8221;gray&#8221;][vc_column css=&#8221;.vc_custom_1727853022843{padding-bottom: 40px !important;}&#8221;][vc_column_text css=&#8221;&#8221;]<\/p>\n<h1 style=\"text-align: center; font-size: 60px; max-width: 750px; margin: auto;\"><span style=\"font-family: ProximaNova-Black;\">Izpolnite podatke in prejmite<\/span><span style=\"font-family: ProximaNova-Light;\"> bro\u0161uro NET-MET<\/span><\/h1>\n<p>[\/vc_column_text][\/vc_column][\/vc_row][vc_row css=&#8221;.vc_custom_1750980217625{padding-top: 30px !important;padding-bottom: 30px !important;background-color: #ffffff !important;}&#8221; el_id=&#8221;narocilo&#8221;][vc_column][vc_row_inner][vc_column_inner width=&#8221;1\/4&#8243;][\/vc_column_inner][vc_column_inner width=&#8221;1\/2&#8243;][vc_raw_html css=&#8221;&#8221;]JTNDJTIxLS0lMjBTaGFycFNwcmluZyUyMEZvcm0lMjBmb3IlMjBMQU5ESU5HJTIwLSUyMEJybyVDNSVBMXVyYSUyME5FVC1NRVQlMjAlMjAtLSUzRSUwQSUzQ3NjcmlwdCUyMHR5cGUlM0QlMjJ0ZXh0JTJGamF2YXNjcmlwdCUyMiUzRSUwQSUyMCUyMCUyMCUyMHZhciUyMHNzX2Zvcm0lMjAlM0QlMjAlN0IlMjdhY2NvdW50JTI3JTNBJTIwJTI3TXphd01ERTNOclV3QndBJTI3JTJDJTIwJTI3Zm9ybUlEJTI3JTNBJTIwJTI3U3pFMlQ3UXdNYmZVTlRVMVN0WTFNYkUwMHJWTU1URFhOVGN5TkRjelMwNDF0akJOQmdBJTI3JTdEJTNCJTBBJTIwJTIwJTIwJTIwc3NfZm9ybS53aWR0aCUyMCUzRCUyMCUyNzEwMCUyNSUyNyUzQiUwQSUyMCUyMCUyMCUyMHNzX2Zvcm0uZG9tYWluJTIwJTNEJTIwJTI3YXBwLTNRTkhTMzJCUjYubWFya2V0aW5nYXV0b21hdGlvbi5zZXJ2aWNlcyUyNyUzQiUwQSUyMCUyMCUyMCUyMCUyRiUyRiUyMHNzX2Zvcm0uaGlkZGVuJTIwJTNEJTIwJTdCJTI3ZmllbGRfaWQlMjclM0ElMjAlMjd2YWx1ZSUyNyU3RCUzQiUyMCUyRiUyRiUyME1vZGlmeSUyMHRoaXMlMjBmb3IlMjBzZW5kaW5nJTIwaGlkZGVuJTIwdmFyaWFibGVzJTJDJTIwb3IlMjBvdmVycmlkaW5nJTIwdmFsdWVzJTBBJTIwJTIwJTIwJTIwJTJGJTJGJTIwc3NfZm9ybS50YXJnZXRfaWQlMjAlM0QlMjAlMjd0YXJnZXQlMjclM0IlMjAlMkYlMkYlMjBPcHRpb25hbCUyMHBhcmFtZXRlciUzQSUyMGZvcm1zJTIwd2lsbCUyMGJlJTIwcGxhY2VkJTIwaW5zaWRlJTIwdGhlJTIwZWxlbWVudCUyMHdpdGglMjB0aGUlMjBzcGVjaWZpZWQlMjBpZCUwQSUyMCUyMCUyMCUyMCUyRiUyRiUyMHNzX2Zvcm0ucG9sbGluZyUyMCUzRCUyMHRydWUlM0IlMjAlMkYlMkYlMjBPcHRpb25hbCUyMHBhcmFtZXRlciUzQSUyMHNldCUyMHRvJTIwdHJ1ZSUyME9OTFklMjBpZiUyMHlvdXIlMjBwYWdlJTIwbG9hZHMlMjBkeW5hbWljYWxseSUyMGFuZCUyMHRoZSUyMGlkJTIwbmVlZHMlMjB0byUyMGJlJTIwcG9sbGVkJTIwY29udGludWFsbHkuJTBBJTNDJTJGc2NyaXB0JTNFJTBBJTNDc2NyaXB0JTIwdHlwZSUzRCUyMnRleHQlMkZqYXZhc2NyaXB0JTIyJTIwc3JjJTNEJTIyaHR0cHMlM0ElMkYlMkZrb2ktM1FOSFMzMkJSNi5tYXJrZXRpbmdhdXRvbWF0aW9uLnNlcnZpY2VzJTJGY2xpZW50JTJGZm9ybS5qcyUzRnZlciUzRDIuMC4xJTIyJTNFJTNDJTJGc2NyaXB0JTNF[\/vc_raw_html][\/vc_column_inner][vc_column_inner width=&#8221;1\/4&#8243;][\/vc_column_inner][\/vc_row_inner][\/vc_column][\/vc_row][vc_row css=&#8221;.vc_custom_1750983355840{padding-top: 100px !important;padding-bottom: 60px !important;background-color: #f1efed !important;border-color: #f1efed !important;}&#8221; el_id=&#8221;info&#8221;][vc_column][vc_column_text css=&#8221;&#8221;]<\/p>\n<h1 style=\"text-align: center; font-size: 60px;\"><span style=\"font-family: ProximaNova-Black;\">\u017delite informativno <\/span><span style=\"font-family: ProximaNova-Light;\">ponudbo?<\/span><\/h1>\n<p style=\"text-align: center;\">Pokli\u010dite nas, pi\u0161ite nam ali pa <a href=\"https:\/\/www.energijaplus.si\/soncnaelektrarna\/informativna-ponudba\/\">izpolnite obrazec<\/a> na spletni strani!<\/p>\n<p>[\/vc_column_text][vc_row_inner equal_height=&#8221;yes&#8221; content_placement=&#8221;middle&#8221;][vc_column_inner width=&#8221;1\/3&#8243; css=&#8221;.vc_custom_1751127925970{background-color: #f1efed !important;border-color: #f1efed !important;}&#8221;][vc_message message_box_color=&#8221;white&#8221; icon_fontawesome=&#8221;fas fa-phone-volume&#8221; css=&#8221;.vc_custom_1751293856071{background-color: #f1efed !important;border-color: #f1efed !important;}&#8221;]<strong>Pokli\u010dite nas<br \/>\n<\/strong><a href=\"tel: 080 21 15\">080 21 15<\/a><strong><br \/>\n<\/strong>[\/vc_message][\/vc_column_inner][vc_column_inner width=&#8221;1\/3&#8243; css=&#8221;.vc_custom_1750981532858{background-color: #f1efed !important;}&#8221;][vc_message message_box_color=&#8221;white&#8221; icon_fontawesome=&#8221;far fa-envelope&#8221; css=&#8221;.vc_custom_1751293871269{background-color: #f1efed !important;border-color: #f1efed !important;}&#8221;]<strong>Pi\u0161ite nam<br \/>\n<\/strong><a href=\"mailto:samooskrba@energijaplus.si\">samooskrba@energijaplus.si<\/a>[\/vc_message][\/vc_column_inner][vc_column_inner width=&#8221;1\/3&#8243; css=&#8221;.vc_custom_1750981553241{background-color: #f1efed !important;}&#8221;][vc_message message_box_color=&#8221;white&#8221; icon_fontawesome=&#8221;fas fa-pencil-alt&#8221; css=&#8221;.vc_custom_1757922743454{background-color: #f1efed !important;border-color: #f1efed !important;}&#8221;]<strong>Izpolnite obrazec<br \/>\n<\/strong><a href=\"https:\/\/www.energijaplus.si\/soncnaelektrarna\/informativna-ponudba\/\" target=\"_blank\" rel=\"noopener\">Odpri obrazec<\/a>[\/vc_message][\/vc_column_inner][\/vc_row_inner][\/vc_column][\/vc_row]<\/p>\n<\/div>","protected":false},"excerpt":{"rendered":"<p>[vc_row el_id=&#8221;prednosti&#8221;][vc_column width=&#8221;1\/2&#8243;][vc_single_image image=&#8221;1437&#8243; img_size=&#8221;full&#8221; css=&#8221;&#8221;][\/vc_column][vc_column width=&#8221;1\/2&#8243;][vc_wp_text] Zakaj izbrati NET-MET? Do 70% prihranka pri elektriki v \u017eivljenjski dobi elektrarne Letni obra\u010dun porabljene in proizvedene energije Napreden baterijski hranilnik + pametno upravljanje Storite na klju\u010d, brez skrbi Nadzor, servis in optimizacija s strani Energije plus [\/vc_wp_text][vc_btn title=&#8221;STORITEV NA KLJU\u010c&#8221; style=&#8221;custom&#8221; custom_background=&#8221;#d20a10&#8243; custom_text=&#8221;#ffffff&#8221; css=&#8221;&#8221; link=&#8221;url:%23uporaba&#8221;][\/vc_column][\/vc_row][vc_row el_class=&#8221;arrow&#8221;][vc_column el_class=&#8221;arrow&#8221;][\/vc_column][\/vc_row][vc_row [&hellip;]<\/p>\n","protected":false},"author":1,"featured_media":0,"parent":0,"menu_order":0,"comment_status":"closed","ping_status":"closed","template":"templates\/fullwidth.php","meta":{"inline_featured_image":false,"footnotes":""},"class_list":["post-705","page","type-page","status-publish","hentry"],"_links":{"self":[{"href":"https:\/\/www.energijaplus.si\/spoznajte-netmet-model\/wp-json\/wp\/v2\/pages\/705","targetHints":{"allow":["GET"]}}],"collection":[{"href":"https:\/\/www.energijaplus.si\/spoznajte-netmet-model\/wp-json\/wp\/v2\/pages"}],"about":[{"href":"https:\/\/www.energijaplus.si\/spoznajte-netmet-model\/wp-json\/wp\/v2\/types\/page"}],"author":[{"embeddable":true,"href":"https:\/\/www.energijaplus.si\/spoznajte-netmet-model\/wp-json\/wp\/v2\/users\/1"}],"replies":[{"embeddable":true,"href":"https:\/\/www.energijaplus.si\/spoznajte-netmet-model\/wp-json\/wp\/v2\/comments?post=705"}],"version-history":[{"count":425,"href":"https:\/\/www.energijaplus.si\/spoznajte-netmet-model\/wp-json\/wp\/v2\/pages\/705\/revisions"}],"predecessor-version":[{"id":1533,"href":"https:\/\/www.energijaplus.si\/spoznajte-netmet-model\/wp-json\/wp\/v2\/pages\/705\/revisions\/1533"}],"wp:attachment":[{"href":"https:\/\/www.energijaplus.si\/spoznajte-netmet-model\/wp-json\/wp\/v2\/media?parent=705"}],"curies":[{"name":"wp","href":"https:\/\/api.w.org\/{rel}","templated":true}]}}